{"id":3100,"date":"2023-01-12T15:33:17","date_gmt":"2023-01-12T14:33:17","guid":{"rendered":"https:\/\/www.hotelpalombaggia.fr\/?page_id=3100"},"modified":"2025-12-17T16:20:27","modified_gmt":"2025-12-17T15:20:27","slug":"corsica","status":"publish","type":"page","link":"https:\/\/www.hotelpalombaggia.fr\/it\/tourisme-a-porto-vecchio\/la-corse\/","title":{"rendered":"Corsica"},"content":{"rendered":"\t\t<div data-elementor-type=\"wp-page\" data-elementor-id=\"3100\" class=\"elementor elementor-3100\" data-elementor-post-type=\"page\">\n\t\t\t\t\t\t<section class=\"elementor-section elementor-top-section elementor-element elementor-element-beebdf7 elementor-section-full_width elementor-section-height-full elementor-section-height-default elementor-section-items-middle\" data-id=\"beebdf7\" data-element_type=\"section\" data-e-type=\"section\" id=\"hero-section\" data-settings=\"{&quot;background_background&quot;:&quot;slideshow&quot;,&quot;background_slideshow_gallery&quot;:[{&quot;id&quot;:3109,&quot;url&quot;:&quot;https:\\\/\\\/www.hotelpalombaggia.fr\\\/wp-content\\\/uploads\\\/2023\\\/01\\\/corse-calanques-piana-scaled.jpg&quot;}],&quot;background_slideshow_loop&quot;:&quot;yes&quot;,&quot;background_slideshow_slide_duration&quot;:5000,&quot;background_slideshow_slide_transition&quot;:&quot;fade&quot;,&quot;background_slideshow_transition_duration&quot;:500}\">\n\t\t\t\t\t\t\t<div class=\"elementor-background-overlay\"><\/div>\n\t\t\t\t\t\t\t<div class=\"elementor-container elementor-column-gap-default\">\n\t\t\t\t\t<div class=\"elementor-column elementor-col-100 elementor-top-column elementor-element elementor-element-a730194\" data-id=\"a730194\" data-element_type=\"column\" data-e-type=\"column\">\n\t\t\t<div class=\"elementor-widget-wrap elementor-element-populated\">\n\t\t\t\t\t\t<div class=\"elementor-element elementor-element-79fb05a elementor-widget__width-auto elementor-absolute e-transform elementor-view-default elementor-widget elementor-widget-icon\" data-id=\"79fb05a\" data-element_type=\"widget\" data-e-type=\"widget\" data-settings=\"{&quot;_position&quot;:&quot;absolute&quot;,&quot;_transform_rotateZ_effect&quot;:{&quot;unit&quot;:&quot;px&quot;,&quot;size&quot;:90,&quot;sizes&quot;:[]},&quot;_transform_rotateZ_effect_tablet&quot;:{&quot;unit&quot;:&quot;deg&quot;,&quot;size&quot;:&quot;&quot;,&quot;sizes&quot;:[]},&quot;_transform_rotateZ_effect_mobile&quot;:{&quot;unit&quot;:&quot;deg&quot;,&quot;size&quot;:&quot;&quot;,&quot;sizes&quot;:[]}}\" data-widget_type=\"icon.default\">\n\t\t\t\t<div class=\"elementor-widget-container\">\n\t\t\t\t\t\t\t<div class=\"elementor-icon-wrapper\">\n\t\t\t<a class=\"elementor-icon\" href=\"#first-content\">\n\t\t\t<i aria-hidden=\"true\" class=\"eliofont eliofont-arrow-right\"><\/i>\t\t\t<\/a>\n\t\t<\/div>\n\t\t\t\t\t\t<\/div>\n\t\t\t\t<\/div>\n\t\t\t\t\t<\/div>\n\t\t<\/div>\n\t\t\t\t\t<\/div>\n\t\t<\/section>\n\t\t\t\t<section class=\"elementor-section elementor-top-section elementor-element elementor-element-e473e0d elementor-section-boxed elementor-section-height-default elementor-section-height-default\" data-id=\"e473e0d\" data-element_type=\"section\" data-e-type=\"section\" data-settings=\"{&quot;background_background&quot;:&quot;classic&quot;}\">\n\t\t\t\t\t\t<div class=\"elementor-container elementor-column-gap-default\">\n\t\t\t\t\t<div class=\"elementor-column elementor-col-100 elementor-top-column elementor-element elementor-element-0e40ac9\" data-id=\"0e40ac9\" data-element_type=\"column\" data-e-type=\"column\">\n\t\t\t<div class=\"elementor-widget-wrap elementor-element-populated\">\n\t\t\t\t\t\t<div class=\"elementor-element elementor-element-716d093 elementor-widget elementor-widget-breadcrumbs\" data-id=\"716d093\" data-element_type=\"widget\" data-e-type=\"widget\" data-widget_type=\"breadcrumbs.default\">\n\t\t\t\t<div class=\"elementor-widget-container\">\n\t\t\t\t\t<nav aria-label=\"breadcrumbs\" class=\"rank-math-breadcrumb\"><p><span class=\"last\">Accueil<\/span><\/p><\/nav>\t\t\t\t<\/div>\n\t\t\t\t<\/div>\n\t\t\t\t\t<\/div>\n\t\t<\/div>\n\t\t\t\t\t<\/div>\n\t\t<\/section>\n\t\t\t\t<section class=\"elementor-section elementor-top-section elementor-element elementor-element-8f196b2 elementor-section-height-full elementor-reverse-mobile elementor-section-boxed elementor-section-height-default elementor-section-items-middle\" data-id=\"8f196b2\" data-element_type=\"section\" data-e-type=\"section\" id=\"first-content\" data-settings=\"{&quot;background_background&quot;:&quot;classic&quot;}\">\n\t\t\t\t\t\t<div class=\"elementor-container elementor-column-gap-default\">\n\t\t\t\t\t<div class=\"elementor-column elementor-col-50 elementor-top-column elementor-element elementor-element-089f002\" data-id=\"089f002\" data-element_type=\"column\" data-e-type=\"column\" data-settings=\"{&quot;background_background&quot;:&quot;classic&quot;}\">\n\t\t\t<div class=\"elementor-widget-wrap elementor-element-populated\">\n\t\t\t\t\t\t<div class=\"elementor-element elementor-element-2d3fa75 elementor-widget elementor-widget-image\" data-id=\"2d3fa75\" data-element_type=\"widget\" data-e-type=\"widget\" data-widget_type=\"image.default\">\n\t\t\t\t<div class=\"elementor-widget-container\">\n\t\t\t\t\t\t\t\t\t\t\t\t\t\t\t<img fetchpriority=\"high\" decoding=\"async\" width=\"300\" height=\"200\" src=\"https:\/\/www.hotelpalombaggia.fr\/wp-content\/uploads\/2022\/10\/transparent.png\" class=\"attachment-full size-full wp-image-338\" alt=\"\" srcset=\"https:\/\/www.hotelpalombaggia.fr\/wp-content\/uploads\/2022\/10\/transparent.png 300w, https:\/\/www.hotelpalombaggia.fr\/wp-content\/uploads\/2022\/10\/transparent-18x12.png 18w\" sizes=\"(max-width: 300px) 100vw, 300px\" title=\"Photo -\">\t\t\t\t\t\t\t\t\t\t\t\t\t\t\t<\/div>\n\t\t\t\t<\/div>\n\t\t\t\t\t<\/div>\n\t\t<\/div>\n\t\t\t\t<div class=\"elementor-column elementor-col-50 elementor-top-column elementor-element elementor-element-e518478\" data-id=\"e518478\" data-element_type=\"column\" data-e-type=\"column\">\n\t\t\t<div class=\"elementor-widget-wrap elementor-element-populated\">\n\t\t\t\t\t\t<div class=\"elementor-element elementor-element-c60a0e1 elementor-widget elementor-widget-heading\" data-id=\"c60a0e1\" data-element_type=\"widget\" data-e-type=\"widget\" data-widget_type=\"heading.default\">\n\t\t\t\t<div class=\"elementor-widget-container\">\n\t\t\t\t\t<h2 class=\"elementor-heading-title elementor-size-default\">Du Cap Corse \u00e0 Porto,<\/h2>\t\t\t\t<\/div>\n\t\t\t\t<\/div>\n\t\t\t\t<div class=\"elementor-element elementor-element-8d56049 elementor-widget__width-initial elementor-widget elementor-widget-heading\" data-id=\"8d56049\" data-element_type=\"widget\" data-e-type=\"widget\" data-widget_type=\"heading.default\">\n\t\t\t\t<div class=\"elementor-widget-container\">\n\t\t\t\t\t<h2 class=\"elementor-heading-title elementor-size-default\">Des sites \u00e9poustouflants<\/h2>\t\t\t\t<\/div>\n\t\t\t\t<\/div>\n\t\t\t\t<div class=\"elementor-element elementor-element-066a684 elementor-widget elementor-widget-text-editor\" data-id=\"066a684\" data-element_type=\"widget\" data-e-type=\"widget\" data-widget_type=\"text-editor.default\">\n\t\t\t\t<div class=\"elementor-widget-container\">\n\t\t\t\t\t\t\t\t\t<p>Ce n\u2019est un secret pour personne, la Corse pr\u00e9sente d\u2019innombrables merveilles situ\u00e9es un peu partout sur son territoire. Merveilles qui ne sont malheureusement plus gard\u00e9es secr\u00e8tes aujourd\u2019hui mais qui continuent d\u2019\u00e9merveiller et de faire rayonner notre belle \u00eele parmi les plus belles destinations au monde. Si L\u2019\u00cele de Beaut\u00e9 s\u2019appelle ainsi, il n\u2019y a pas de hasard.<\/p><p>\u00a0<\/p><p>Parmi les choses \u00e0 voir, \u00e9videmment Porto-Vecchio ou Bonifacio apparaissent comme des incontournables avec notamment la tr\u00e8s c\u00e9l\u00e8bre plage de Palombaggia dont nous sommes fiers. Mais il existe bien d\u2019autres sites \u00e0 couper le souffle, que ce soit en Corse-du-Sud ou en Haute-Corse.<br \/>Tout au nord de la Corse se trouve un des endroits les plus sauvages de l\u2019\u00eele, le Cap Corse.\u00a0<\/p><p><br \/>En descendant plus bas, d\u00e9couvrez \u00e9galement Calvi et la belle r\u00e9gion de Balagne. Elle s\u2019\u00e9tend de la montagne \u00e0 la mer et rayonne sur tout le nord-ouest de la Corse avec en point d\u2019orgue les jolies villes de l\u2019\u00cele-Rousse et son authentique march\u00e9 et Calvi qui regorgent d\u2019endroits magnifiques \u00e0 d\u00e9couvrir. La Citadelle de Calvi nous appara\u00eet notamment comme un incontournable de cette ville au charme ind\u00e9niable.<\/p><p><br \/>Un peu plus au sud sur le littoral, le Golfe de Porto et les Calanques de Piana font tr\u00e8s certainement partie des incontournables de tout s\u00e9jour en Corse de par la beaut\u00e9 de ses paysages. Sa route \u00e0 flanc de falaise ajoute au caract\u00e8re unique du lieu.<\/p>\t\t\t\t\t\t\t\t<\/div>\n\t\t\t\t<\/div>\n\t\t\t\t\t<\/div>\n\t\t<\/div>\n\t\t\t\t\t<\/div>\n\t\t<\/section>\n\t\t\t\t<section class=\"elementor-section elementor-top-section elementor-element elementor-element-b214629 elementor-section-height-full elementor-section-boxed elementor-section-height-default elementor-section-items-middle\" data-id=\"b214629\" data-element_type=\"section\" data-e-type=\"section\" data-settings=\"{&quot;background_background&quot;:&quot;classic&quot;}\">\n\t\t\t\t\t\t<div class=\"elementor-container elementor-column-gap-default\">\n\t\t\t\t\t<div class=\"elementor-column elementor-col-50 elementor-top-column elementor-element elementor-element-a72de0f\" data-id=\"a72de0f\" data-element_type=\"column\" data-e-type=\"column\">\n\t\t\t<div class=\"elementor-widget-wrap elementor-element-populated\">\n\t\t\t\t\t\t<div class=\"elementor-element elementor-element-8029bb2 elementor-widget__width-initial elementor-widget elementor-widget-heading\" data-id=\"8029bb2\" data-element_type=\"widget\" data-e-type=\"widget\" data-widget_type=\"heading.default\">\n\t\t\t\t<div class=\"elementor-widget-container\">\n\t\t\t\t\t<h2 class=\"elementor-heading-title elementor-size-default\">Cascades, rivi\u00e8res<\/h2>\t\t\t\t<\/div>\n\t\t\t\t<\/div>\n\t\t\t\t<div class=\"elementor-element elementor-element-07c3247 elementor-widget__width-initial elementor-widget elementor-widget-heading\" data-id=\"07c3247\" data-element_type=\"widget\" data-e-type=\"widget\" data-widget_type=\"heading.default\">\n\t\t\t\t<div class=\"elementor-widget-container\">\n\t\t\t\t\t<h2 class=\"elementor-heading-title elementor-size-default\">et montagnes\u200b<\/h2>\t\t\t\t<\/div>\n\t\t\t\t<\/div>\n\t\t\t\t<div class=\"elementor-element elementor-element-e9152f9 elementor-widget elementor-widget-text-editor\" data-id=\"e9152f9\" data-element_type=\"widget\" data-e-type=\"widget\" data-widget_type=\"text-editor.default\">\n\t\t\t\t<div class=\"elementor-widget-container\">\n\t\t\t\t\t\t\t\t\t<p>Et parce que la Corse ne se r\u00e9duit pas \u00e0 ses plages, ses paysages sont tout aussi fantastiques dans les terres que sur son littoral.<\/p><p>\u00a0<\/p><p>Embarquez notamment direction les Aiguilles de Bavella pour voir ce que le temps a fa\u00e7onn\u00e9 de plus beau et de plus authentique. A l\u2019image de l\u2019\u00cele de Beaut\u00e9 et de ses habitants, un caract\u00e8re tranchant mais \u00e0 la fois tr\u00e8s accueillant. Mais ce sont aussi de nombreuses rivi\u00e8res et cascades situ\u00e9es aux quatre coins de la Corse.<\/p><p>\u00a0<\/p><p>Les cascades de Polischellu, les fameuses vasques de Purcaraccia ou encore la c\u00e9l\u00e8bre Restonica repr\u00e9sentent des lieux de baignade idylliques o\u00f9 eau cristalline et v\u00e9g\u00e9tation se rencontrent pour montrer toute la richesse de l\u2019\u00eele.<\/p>\t\t\t\t\t\t\t\t<\/div>\n\t\t\t\t<\/div>\n\t\t\t\t\t<\/div>\n\t\t<\/div>\n\t\t\t\t<div class=\"elementor-column elementor-col-50 elementor-top-column elementor-element elementor-element-d656157\" data-id=\"d656157\" data-element_type=\"column\" data-e-type=\"column\" data-settings=\"{&quot;background_background&quot;:&quot;classic&quot;}\">\n\t\t\t<div class=\"elementor-widget-wrap elementor-element-populated\">\n\t\t\t\t\t\t<section class=\"elementor-section elementor-inner-section elementor-element elementor-element-4f5ee8e elementor-section-boxed elementor-section-height-default elementor-section-height-default\" data-id=\"4f5ee8e\" data-element_type=\"section\" data-e-type=\"section\">\n\t\t\t\t\t\t<div class=\"elementor-container elementor-column-gap-default\">\n\t\t\t\t\t<div class=\"elementor-column elementor-col-50 elementor-inner-column elementor-element elementor-element-c286d6b\" data-id=\"c286d6b\" data-element_type=\"column\" data-e-type=\"column\">\n\t\t\t<div class=\"elementor-widget-wrap elementor-element-populated\">\n\t\t\t\t\t\t<div class=\"elementor-element elementor-element-c07b6a9 elementor-widget elementor-widget-image\" data-id=\"c07b6a9\" data-element_type=\"widget\" data-e-type=\"widget\" data-widget_type=\"image.default\">\n\t\t\t\t<div class=\"elementor-widget-container\">\n\t\t\t\t\t\t\t\t\t\t\t\t\t\t\t<img decoding=\"async\" width=\"837\" height=\"1252\" src=\"https:\/\/www.hotelpalombaggia.fr\/wp-content\/uploads\/2023\/01\/purcaraccia-quenza.jpg\" class=\"attachment-full size-full wp-image-3120\" alt=\"Cascade de Purcaraccia\" srcset=\"https:\/\/www.hotelpalombaggia.fr\/wp-content\/uploads\/2023\/01\/purcaraccia-quenza.jpg 837w, https:\/\/www.hotelpalombaggia.fr\/wp-content\/uploads\/2023\/01\/purcaraccia-quenza-201x300.jpg 201w, https:\/\/www.hotelpalombaggia.fr\/wp-content\/uploads\/2023\/01\/purcaraccia-quenza-685x1024.jpg 685w, https:\/\/www.hotelpalombaggia.fr\/wp-content\/uploads\/2023\/01\/purcaraccia-quenza-768x1149.jpg 768w, https:\/\/www.hotelpalombaggia.fr\/wp-content\/uploads\/2023\/01\/purcaraccia-quenza-8x12.jpg 8w\" sizes=\"(max-width: 837px) 100vw, 837px\" title=\"Photo -\">\t\t\t\t\t\t\t\t\t\t\t\t\t\t\t<\/div>\n\t\t\t\t<\/div>\n\t\t\t\t\t<\/div>\n\t\t<\/div>\n\t\t\t\t<div class=\"elementor-column elementor-col-50 elementor-inner-column elementor-element elementor-element-9e147d3 elementor-hidden-mobile\" data-id=\"9e147d3\" data-element_type=\"column\" data-e-type=\"column\">\n\t\t\t<div class=\"elementor-widget-wrap elementor-element-populated\">\n\t\t\t\t\t\t<div class=\"elementor-element elementor-element-a0f2c9f elementor-widget elementor-widget-image\" data-id=\"a0f2c9f\" data-element_type=\"widget\" data-e-type=\"widget\" data-widget_type=\"image.default\">\n\t\t\t\t<div class=\"elementor-widget-container\">\n\t\t\t\t\t\t\t\t\t\t\t\t\t\t\t<img decoding=\"async\" width=\"1257\" height=\"835\" src=\"https:\/\/www.hotelpalombaggia.fr\/wp-content\/uploads\/2023\/01\/cascade-polischellu.jpg\" class=\"attachment-full size-full wp-image-3121\" alt=\"Cascade de Polischellu\" srcset=\"https:\/\/www.hotelpalombaggia.fr\/wp-content\/uploads\/2023\/01\/cascade-polischellu.jpg 1257w, https:\/\/www.hotelpalombaggia.fr\/wp-content\/uploads\/2023\/01\/cascade-polischellu-300x199.jpg 300w, https:\/\/www.hotelpalombaggia.fr\/wp-content\/uploads\/2023\/01\/cascade-polischellu-1024x680.jpg 1024w, https:\/\/www.hotelpalombaggia.fr\/wp-content\/uploads\/2023\/01\/cascade-polischellu-768x510.jpg 768w, https:\/\/www.hotelpalombaggia.fr\/wp-content\/uploads\/2023\/01\/cascade-polischellu-18x12.jpg 18w\" sizes=\"(max-width: 1257px) 100vw, 1257px\" title=\"Photo -\">\t\t\t\t\t\t\t\t\t\t\t\t\t\t\t<\/div>\n\t\t\t\t<\/div>\n\t\t\t\t<div class=\"elementor-element elementor-element-14a9645 elementor-widget elementor-widget-image\" data-id=\"14a9645\" data-element_type=\"widget\" data-e-type=\"widget\" data-widget_type=\"image.default\">\n\t\t\t\t<div class=\"elementor-widget-container\">\n\t\t\t\t\t\t\t\t\t\t\t\t\t\t\t<img loading=\"lazy\" decoding=\"async\" width=\"2121\" height=\"1414\" src=\"https:\/\/www.hotelpalombaggia.fr\/wp-content\/uploads\/2023\/01\/haute-corse.jpg\" class=\"attachment-full size-full wp-image-3110\" alt=\"Photo du Cap Corse\" srcset=\"https:\/\/www.hotelpalombaggia.fr\/wp-content\/uploads\/2023\/01\/haute-corse.jpg 2121w, https:\/\/www.hotelpalombaggia.fr\/wp-content\/uploads\/2023\/01\/haute-corse-300x200.jpg 300w, https:\/\/www.hotelpalombaggia.fr\/wp-content\/uploads\/2023\/01\/haute-corse-1024x683.jpg 1024w, https:\/\/www.hotelpalombaggia.fr\/wp-content\/uploads\/2023\/01\/haute-corse-768x512.jpg 768w, https:\/\/www.hotelpalombaggia.fr\/wp-content\/uploads\/2023\/01\/haute-corse-1536x1024.jpg 1536w, https:\/\/www.hotelpalombaggia.fr\/wp-content\/uploads\/2023\/01\/haute-corse-2048x1365.jpg 2048w, https:\/\/www.hotelpalombaggia.fr\/wp-content\/uploads\/2023\/01\/haute-corse-18x12.jpg 18w\" sizes=\"(max-width: 2121px) 100vw, 2121px\" title=\"Photo -\">\t\t\t\t\t\t\t\t\t\t\t\t\t\t\t<\/div>\n\t\t\t\t<\/div>\n\t\t\t\t\t<\/div>\n\t\t<\/div>\n\t\t\t\t\t<\/div>\n\t\t<\/section>\n\t\t\t\t\t<\/div>\n\t\t<\/div>\n\t\t\t\t\t<\/div>\n\t\t<\/section>\n\t\t<div class=\"elementor-element elementor-element-dc5b1cb e-flex e-con-boxed e-con e-parent\" data-id=\"dc5b1cb\" data-element_type=\"container\" data-e-type=\"container\" data-settings=\"{&quot;background_background&quot;:&quot;gradient&quot;}\">\n\t\t\t\t\t<div class=\"e-con-inner\">\n\t\t\t\t<div class=\"elementor-element elementor-element-f52d5b9 elementor-widget elementor-widget-image\" data-id=\"f52d5b9\" data-element_type=\"widget\" data-e-type=\"widget\" data-widget_type=\"image.default\">\n\t\t\t\t<div class=\"elementor-widget-container\">\n\t\t\t\t\t\t\t\t\t\t\t\t\t\t\t<img loading=\"lazy\" decoding=\"async\" width=\"360\" height=\"480\" src=\"https:\/\/www.hotelpalombaggia.fr\/wp-content\/uploads\/2025\/12\/B7393886-53EA-4762-9A25-DB46FE67A1E8_4_5005_c.webp\" class=\"attachment-large size-large wp-image-6565\" alt=\"la-corse\" srcset=\"https:\/\/www.hotelpalombaggia.fr\/wp-content\/uploads\/2025\/12\/B7393886-53EA-4762-9A25-DB46FE67A1E8_4_5005_c.webp 360w, https:\/\/www.hotelpalombaggia.fr\/wp-content\/uploads\/2025\/12\/B7393886-53EA-4762-9A25-DB46FE67A1E8_4_5005_c-225x300.webp 225w, https:\/\/www.hotelpalombaggia.fr\/wp-content\/uploads\/2025\/12\/B7393886-53EA-4762-9A25-DB46FE67A1E8_4_5005_c-9x12.webp 9w\" sizes=\"(max-width: 360px) 100vw, 360px\" title=\"Photo -\">\t\t\t\t\t\t\t\t\t\t\t\t\t\t\t<\/div>\n\t\t\t\t<\/div>\n\t\t\t\t\t<\/div>\n\t\t\t\t<\/div>\n\t\t\t\t<section class=\"elementor-section elementor-top-section elementor-element elementor-element-09d2062 elementor-section-boxed elementor-section-height-default elementor-section-height-default\" data-id=\"09d2062\" data-element_type=\"section\" data-e-type=\"section\" data-settings=\"{&quot;background_background&quot;:&quot;classic&quot;}\">\n\t\t\t\t\t\t<div class=\"elementor-container elementor-column-gap-default\">\n\t\t\t\t\t<div class=\"elementor-column elementor-col-100 elementor-top-column elementor-element elementor-element-6ff4f48\" data-id=\"6ff4f48\" data-element_type=\"column\" data-e-type=\"column\">\n\t\t\t<div class=\"elementor-widget-wrap elementor-element-populated\">\n\t\t\t\t\t\t<div class=\"elementor-element elementor-element-75bba9c elementor-widget__width-auto elementor-widget elementor-widget-button\" data-id=\"75bba9c\" data-element_type=\"widget\" data-e-type=\"widget\" data-widget_type=\"button.default\">\n\t\t\t\t<div class=\"elementor-widget-container\">\n\t\t\t\t\t\t\t\t\t<div class=\"elementor-button-wrapper\">\n\t\t\t\t\t<a class=\"elementor-button elementor-button-link elementor-size-xs\" href=\"https:\/\/www.hotelpalombaggia.fr\/it\/tourisme-a-porto-vecchio\/bonifacio-tourisme\/\">\n\t\t\t\t\t\t<span class=\"elementor-button-content-wrapper\">\n\t\t\t\t\t\t<span class=\"elementor-button-icon\">\n\t\t\t\t<i aria-hidden=\"true\" class=\"eliofont eliofont-arrow-left\"><\/i>\t\t\t<\/span>\n\t\t\t\t\t\t\t\t\t<span class=\"elementor-button-text\">Bonifacio<\/span>\n\t\t\t\t\t<\/span>\n\t\t\t\t\t<\/a>\n\t\t\t\t<\/div>\n\t\t\t\t\t\t\t\t<\/div>\n\t\t\t\t<\/div>\n\t\t\t\t<div class=\"elementor-element elementor-element-f14f336 elementor-widget__width-auto elementor-widget elementor-widget-button\" data-id=\"f14f336\" data-element_type=\"widget\" data-e-type=\"widget\" data-widget_type=\"button.default\">\n\t\t\t\t<div class=\"elementor-widget-container\">\n\t\t\t\t\t\t\t\t\t<div class=\"elementor-button-wrapper\">\n\t\t\t\t\t<a class=\"elementor-button elementor-button-link elementor-size-xs\" href=\"https:\/\/www.hotelpalombaggia.fr\/it\/tourisme-a-porto-vecchio\/plage-palombaggia\/\">\n\t\t\t\t\t\t<span class=\"elementor-button-content-wrapper\">\n\t\t\t\t\t\t<span class=\"elementor-button-icon\">\n\t\t\t\t<i aria-hidden=\"true\" class=\"eliofont eliofont-arrow-right\"><\/i>\t\t\t<\/span>\n\t\t\t\t\t\t\t\t\t<span class=\"elementor-button-text\">Palombaggia<\/span>\n\t\t\t\t\t<\/span>\n\t\t\t\t\t<\/a>\n\t\t\t\t<\/div>\n\t\t\t\t\t\t\t\t<\/div>\n\t\t\t\t<\/div>\n\t\t\t\t\t<\/div>\n\t\t<\/div>\n\t\t\t\t\t<\/div>\n\t\t<\/section>\n\t\t\t\t<\/div>\n\t\t","protected":false},"excerpt":{"rendered":"<p>Accueil Du Cap Corse \u00e0 Porto, Des sites \u00e9poustouflants Ce n\u2019est un secret pour personne, la Corse pr\u00e9sente d\u2019innombrables merveilles situ\u00e9es un peu partout sur son territoire. Merveilles qui ne sont malheureusement plus gard\u00e9es secr\u00e8tes aujourd\u2019hui mais qui continuent d\u2019\u00e9merveiller et de faire rayonner notre belle \u00eele parmi les plus belles destinations au monde. Si [&hellip;]<\/p>\n","protected":false},"author":12,"featured_media":0,"parent":203,"menu_order":0,"comment_status":"closed","ping_status":"closed","template":"","meta":{"inline_featured_image":false,"footnotes":""},"class_list":["post-3100","page","type-page","status-publish","hentry"],"_links":{"self":[{"href":"https:\/\/www.hotelpalombaggia.fr\/it\/wp-json\/wp\/v2\/pages\/3100","targetHints":{"allow":["GET"]}}],"collection":[{"href":"https:\/\/www.hotelpalombaggia.fr\/it\/wp-json\/wp\/v2\/pages"}],"about":[{"href":"https:\/\/www.hotelpalombaggia.fr\/it\/wp-json\/wp\/v2\/types\/page"}],"author":[{"embeddable":true,"href":"https:\/\/www.hotelpalombaggia.fr\/it\/wp-json\/wp\/v2\/users\/12"}],"replies":[{"embeddable":true,"href":"https:\/\/www.hotelpalombaggia.fr\/it\/wp-json\/wp\/v2\/comments?post=3100"}],"version-history":[{"count":28,"href":"https:\/\/www.hotelpalombaggia.fr\/it\/wp-json\/wp\/v2\/pages\/3100\/revisions"}],"predecessor-version":[{"id":6955,"href":"https:\/\/www.hotelpalombaggia.fr\/it\/wp-json\/wp\/v2\/pages\/3100\/revisions\/6955"}],"up":[{"embeddable":true,"href":"https:\/\/www.hotelpalombaggia.fr\/it\/wp-json\/wp\/v2\/pages\/203"}],"wp:attachment":[{"href":"https:\/\/www.hotelpalombaggia.fr\/it\/wp-json\/wp\/v2\/media?parent=3100"}],"curies":[{"name":"wp","href":"https:\/\/api.w.org\/{rel}","templated":true}]}}