{"id":3071,"date":"2023-01-12T15:23:13","date_gmt":"2023-01-12T14:23:13","guid":{"rendered":"https:\/\/www.hotelpalombaggia.fr\/?page_id=3071"},"modified":"2026-03-28T17:53:53","modified_gmt":"2026-03-28T16:53:53","slug":"turismo-bonifacio","status":"publish","type":"page","link":"https:\/\/www.hotelpalombaggia.fr\/it\/tourisme-a-porto-vecchio\/bonifacio-tourisme\/","title":{"rendered":"Bonifacio"},"content":{"rendered":"\t\t<div data-elementor-type=\"wp-page\" data-elementor-id=\"3071\" class=\"elementor elementor-3071\" data-elementor-post-type=\"page\">\n\t\t\t\t\t\t<section class=\"elementor-section elementor-top-section elementor-element elementor-element-beebdf7 elementor-section-full_width elementor-section-height-full elementor-section-height-default elementor-section-items-middle\" data-id=\"beebdf7\" data-element_type=\"section\" data-e-type=\"section\" id=\"hero-section\" data-settings=\"{&quot;background_background&quot;:&quot;slideshow&quot;,&quot;background_slideshow_gallery&quot;:[{&quot;id&quot;:2928,&quot;url&quot;:&quot;https:\\\/\\\/www.hotelpalombaggia.fr\\\/wp-content\\\/uploads\\\/2023\\\/01\\\/maisons-bonifacio-corse.jpg&quot;}],&quot;background_slideshow_loop&quot;:&quot;yes&quot;,&quot;background_slideshow_slide_duration&quot;:5000,&quot;background_slideshow_slide_transition&quot;:&quot;fade&quot;,&quot;background_slideshow_transition_duration&quot;:500}\">\n\t\t\t\t\t\t\t<div class=\"elementor-background-overlay\"><\/div>\n\t\t\t\t\t\t\t<div class=\"elementor-container elementor-column-gap-default\">\n\t\t\t\t\t<div class=\"elementor-column elementor-col-100 elementor-top-column elementor-element elementor-element-a730194\" data-id=\"a730194\" data-element_type=\"column\" data-e-type=\"column\">\n\t\t\t<div class=\"elementor-widget-wrap elementor-element-populated\">\n\t\t\t\t\t\t<div class=\"elementor-element elementor-element-79fb05a elementor-widget__width-auto elementor-absolute e-transform elementor-view-default elementor-widget elementor-widget-icon\" data-id=\"79fb05a\" data-element_type=\"widget\" data-e-type=\"widget\" data-settings=\"{&quot;_position&quot;:&quot;absolute&quot;,&quot;_transform_rotateZ_effect&quot;:{&quot;unit&quot;:&quot;px&quot;,&quot;size&quot;:90,&quot;sizes&quot;:[]},&quot;_transform_rotateZ_effect_tablet&quot;:{&quot;unit&quot;:&quot;deg&quot;,&quot;size&quot;:&quot;&quot;,&quot;sizes&quot;:[]},&quot;_transform_rotateZ_effect_mobile&quot;:{&quot;unit&quot;:&quot;deg&quot;,&quot;size&quot;:&quot;&quot;,&quot;sizes&quot;:[]}}\" data-widget_type=\"icon.default\">\n\t\t\t\t<div class=\"elementor-widget-container\">\n\t\t\t\t\t\t\t<div class=\"elementor-icon-wrapper\">\n\t\t\t<a class=\"elementor-icon\" href=\"#first-content\">\n\t\t\t<i aria-hidden=\"true\" class=\"eliofont eliofont-arrow-right\"><\/i>\t\t\t<\/a>\n\t\t<\/div>\n\t\t\t\t\t\t<\/div>\n\t\t\t\t<\/div>\n\t\t\t\t\t<\/div>\n\t\t<\/div>\n\t\t\t\t\t<\/div>\n\t\t<\/section>\n\t\t\t\t<section class=\"elementor-section elementor-top-section elementor-element elementor-element-e473e0d elementor-section-boxed elementor-section-height-default elementor-section-height-default\" data-id=\"e473e0d\" data-element_type=\"section\" data-e-type=\"section\" data-settings=\"{&quot;background_background&quot;:&quot;classic&quot;}\">\n\t\t\t\t\t\t<div class=\"elementor-container elementor-column-gap-default\">\n\t\t\t\t\t<div class=\"elementor-column elementor-col-100 elementor-top-column elementor-element elementor-element-0e40ac9\" data-id=\"0e40ac9\" data-element_type=\"column\" data-e-type=\"column\">\n\t\t\t<div class=\"elementor-widget-wrap elementor-element-populated\">\n\t\t\t\t\t\t<div class=\"elementor-element elementor-element-716d093 elementor-widget elementor-widget-breadcrumbs\" data-id=\"716d093\" data-element_type=\"widget\" data-e-type=\"widget\" data-widget_type=\"breadcrumbs.default\">\n\t\t\t\t<div class=\"elementor-widget-container\">\n\t\t\t\t\t<nav aria-label=\"breadcrumbs\" class=\"rank-math-breadcrumb\"><p><span class=\"last\">Accueil<\/span><\/p><\/nav>\t\t\t\t<\/div>\n\t\t\t\t<\/div>\n\t\t\t\t\t<\/div>\n\t\t<\/div>\n\t\t\t\t\t<\/div>\n\t\t<\/section>\n\t\t\t\t<section class=\"elementor-section elementor-top-section elementor-element elementor-element-8f196b2 elementor-section-height-full elementor-reverse-mobile elementor-section-boxed elementor-section-height-default elementor-section-items-middle\" data-id=\"8f196b2\" data-element_type=\"section\" data-e-type=\"section\" id=\"first-content\" data-settings=\"{&quot;background_background&quot;:&quot;classic&quot;}\">\n\t\t\t\t\t\t<div class=\"elementor-container elementor-column-gap-default\">\n\t\t\t\t\t<div class=\"elementor-column elementor-col-50 elementor-top-column elementor-element elementor-element-089f002\" data-id=\"089f002\" data-element_type=\"column\" data-e-type=\"column\" data-settings=\"{&quot;background_background&quot;:&quot;classic&quot;}\">\n\t\t\t<div class=\"elementor-widget-wrap elementor-element-populated\">\n\t\t\t\t\t\t<div class=\"elementor-element elementor-element-2d3fa75 elementor-widget elementor-widget-image\" data-id=\"2d3fa75\" data-element_type=\"widget\" data-e-type=\"widget\" data-widget_type=\"image.default\">\n\t\t\t\t<div class=\"elementor-widget-container\">\n\t\t\t\t\t\t\t\t\t\t\t\t\t\t\t<img fetchpriority=\"high\" decoding=\"async\" width=\"300\" height=\"200\" src=\"https:\/\/www.hotelpalombaggia.fr\/wp-content\/uploads\/2022\/10\/transparent.png\" class=\"attachment-full size-full wp-image-338\" alt=\"\" srcset=\"https:\/\/www.hotelpalombaggia.fr\/wp-content\/uploads\/2022\/10\/transparent.png 300w, https:\/\/www.hotelpalombaggia.fr\/wp-content\/uploads\/2022\/10\/transparent-18x12.png 18w\" sizes=\"(max-width: 300px) 100vw, 300px\" title=\"Photo -\">\t\t\t\t\t\t\t\t\t\t\t\t\t\t\t<\/div>\n\t\t\t\t<\/div>\n\t\t\t\t\t<\/div>\n\t\t<\/div>\n\t\t\t\t<div class=\"elementor-column elementor-col-50 elementor-top-column elementor-element elementor-element-e518478\" data-id=\"e518478\" data-element_type=\"column\" data-e-type=\"column\">\n\t\t\t<div class=\"elementor-widget-wrap elementor-element-populated\">\n\t\t\t\t\t\t<div class=\"elementor-element elementor-element-c60a0e1 elementor-widget__width-initial elementor-widget elementor-widget-heading\" data-id=\"c60a0e1\" data-element_type=\"widget\" data-e-type=\"widget\" data-widget_type=\"heading.default\">\n\t\t\t\t<div class=\"elementor-widget-container\">\n\t\t\t\t\t<h2 class=\"elementor-heading-title elementor-size-default\">Bonifacio<\/h2>\t\t\t\t<\/div>\n\t\t\t\t<\/div>\n\t\t\t\t<div class=\"elementor-element elementor-element-b00c4bf elementor-widget__width-initial elementor-widget elementor-widget-heading\" data-id=\"b00c4bf\" data-element_type=\"widget\" data-e-type=\"widget\" data-widget_type=\"heading.default\">\n\t\t\t\t<div class=\"elementor-widget-container\">\n\t\t\t\t\t<h2 class=\"elementor-heading-title elementor-size-default\"> et sa vieille ville\u200b<\/h2>\t\t\t\t<\/div>\n\t\t\t\t<\/div>\n\t\t\t\t<div class=\"elementor-element elementor-element-066a684 elementor-widget elementor-widget-text-editor\" data-id=\"066a684\" data-element_type=\"widget\" data-e-type=\"widget\" data-widget_type=\"text-editor.default\">\n\t\t\t\t<div class=\"elementor-widget-container\">\n\t\t\t\t\t\t\t\t\t<p>Bonifacio fait partie des destinations les plus courues de Corse. A flanc de falaise, la ville d\u00e9montre un caract\u00e8re fort.<\/p><p>\u00a0<\/p><p>Fi\u00e8re, elle est perch\u00e9e et domine la mer M\u00e9diterran\u00e9e avec une vue imprenable sur les c\u00f4tes sardes lorsque le temps le permet. Laissez-vous s\u00e9duire par cette ville charg\u00e9e d\u2019histoire. Sa citadelle, ses ruelles pittoresques et ses b\u00e2timents historiques lui donnent un caract\u00e8re authentique et sont tous marqu\u00e9s par l\u2019Histoire qui a travers\u00e9e Bonifacio, depuis le 9\u00e8me si\u00e8cle, \u00e0 sa fondation. Le village typique vaut le d\u00e9tour avec ses maisons blanches et ses petites ruelles \u00e9troites qui font tout son charme et rendent cette ville unique et reconnaissable entre mille.<\/p><p><br \/>Au-del\u00e0 du charme du village et de ses boutiques qui ne manqueront pas de vous occuper pour une journ\u00e9e de fl\u00e2neries, les alentours de Bonifacio offrent \u00e9galement de nombreuses merveilles qui vous \u00e9blouiront.<\/p>\t\t\t\t\t\t\t\t<\/div>\n\t\t\t\t<\/div>\n\t\t\t\t\t<\/div>\n\t\t<\/div>\n\t\t\t\t\t<\/div>\n\t\t<\/section>\n\t\t\t\t<section class=\"elementor-section elementor-top-section elementor-element elementor-element-b214629 elementor-section-height-full elementor-section-boxed elementor-section-height-default elementor-section-items-middle\" data-id=\"b214629\" data-element_type=\"section\" data-e-type=\"section\" data-settings=\"{&quot;background_background&quot;:&quot;classic&quot;}\">\n\t\t\t\t\t\t<div class=\"elementor-container elementor-column-gap-default\">\n\t\t\t\t\t<div class=\"elementor-column elementor-col-50 elementor-top-column elementor-element elementor-element-a72de0f\" data-id=\"a72de0f\" data-element_type=\"column\" data-e-type=\"column\">\n\t\t\t<div class=\"elementor-widget-wrap elementor-element-populated\">\n\t\t\t\t\t\t<div class=\"elementor-element elementor-element-8029bb2 elementor-widget__width-initial elementor-widget elementor-widget-heading\" data-id=\"8029bb2\" data-element_type=\"widget\" data-e-type=\"widget\" data-widget_type=\"heading.default\">\n\t\t\t\t<div class=\"elementor-widget-container\">\n\t\t\t\t\t<h2 class=\"elementor-heading-title elementor-size-default\">Les \u00celes Lavezzi<\/h2>\t\t\t\t<\/div>\n\t\t\t\t<\/div>\n\t\t\t\t<div class=\"elementor-element elementor-element-814f560 elementor-widget__width-initial elementor-widget elementor-widget-heading\" data-id=\"814f560\" data-element_type=\"widget\" data-e-type=\"widget\" data-widget_type=\"heading.default\">\n\t\t\t\t<div class=\"elementor-widget-container\">\n\t\t\t\t\t<h2 class=\"elementor-heading-title elementor-size-default\">et la plage de Rondinara<\/h2>\t\t\t\t<\/div>\n\t\t\t\t<\/div>\n\t\t\t\t<div class=\"elementor-element elementor-element-e9152f9 elementor-widget elementor-widget-text-editor\" data-id=\"e9152f9\" data-element_type=\"widget\" data-e-type=\"widget\" data-widget_type=\"text-editor.default\">\n\t\t\t\t<div class=\"elementor-widget-container\">\n\t\t\t\t\t\t\t\t\t<p>La plage de Rondinara, tout d\u2019abord, une des plus belles plages de l\u2019\u00eele se situe non loin de la ville. Sa baie offre une vue \u00e0 couper le souffle et des nuances de bleu incroyables qui ressortent particuli\u00e8rement en contraste du sable blanc presque immacul\u00e9.<\/p><p><br \/>Autre charme qu\u2019a \u00e0 offrir Bonifacio, et non des moindres, les \u00celes Lavezzi. L\u2019acc\u00e8s \u00e0 ces \u00eeles se fait en bateau et l\u2019archipel est compos\u00e9 de 23 \u00eeles ou r\u00e9cifs. Point le plus m\u00e9ridional de France m\u00e9tropolitaine, les \u00eeles Lavezzi peuvent \u00eatre l\u2019objet d\u2019une visite de quelques heures ou plus, car un h\u00f4tel se trouve sur place pour vous accueillir plus longuement. Des eaux limpides, d\u2019innombrables poissons qui font de ce sanctuaire un aquarium \u00e0 ciel ouvert. C\u2019est le lieu id\u00e9al pour les amoureux de jolis paysages ou les passionn\u00e9s de plong\u00e9e.<\/p><p>\u00a0<\/p><p>De nombreux bateaux partent de Bonifacio toute la journ\u00e9e afin de vous permettre de visiter l\u2019\u00eele \u00e0 la journ\u00e9e par exemple. Mais d\u2019autres options s\u2019offrent \u00e9galement \u00e0 vous comme un bateau avec vision sous-marine ou des excursions organis\u00e9es pour aller voir les falaises de granit le long des c\u00f4tes sud de la Corse.<\/p>\t\t\t\t\t\t\t\t<\/div>\n\t\t\t\t<\/div>\n\t\t\t\t\t<\/div>\n\t\t<\/div>\n\t\t\t\t<div class=\"elementor-column elementor-col-50 elementor-top-column elementor-element elementor-element-d656157\" data-id=\"d656157\" data-element_type=\"column\" data-e-type=\"column\" data-settings=\"{&quot;background_background&quot;:&quot;classic&quot;}\">\n\t\t\t<div class=\"elementor-widget-wrap elementor-element-populated\">\n\t\t\t\t\t\t<section class=\"elementor-section elementor-inner-section elementor-element elementor-element-4f5ee8e elementor-section-boxed elementor-section-height-default elementor-section-height-default\" data-id=\"4f5ee8e\" data-element_type=\"section\" data-e-type=\"section\">\n\t\t\t\t\t\t<div class=\"elementor-container elementor-column-gap-default\">\n\t\t\t\t\t<div class=\"elementor-column elementor-col-50 elementor-inner-column elementor-element elementor-element-c286d6b\" data-id=\"c286d6b\" data-element_type=\"column\" data-e-type=\"column\">\n\t\t\t<div class=\"elementor-widget-wrap elementor-element-populated\">\n\t\t\t\t\t\t<div class=\"elementor-element elementor-element-c07b6a9 elementor-widget elementor-widget-image\" data-id=\"c07b6a9\" data-element_type=\"widget\" data-e-type=\"widget\" data-widget_type=\"image.default\">\n\t\t\t\t<div class=\"elementor-widget-container\">\n\t\t\t\t\t\t\t\t\t\t\t\t\t\t\t<img decoding=\"async\" width=\"2560\" height=\"1707\" src=\"https:\/\/www.hotelpalombaggia.fr\/wp-content\/uploads\/2023\/01\/Tamaricciu-scaled.jpg\" class=\"attachment-full size-full wp-image-3090\" alt=\"Plage en Corse\" srcset=\"https:\/\/www.hotelpalombaggia.fr\/wp-content\/uploads\/2023\/01\/Tamaricciu-scaled.jpg 2560w, https:\/\/www.hotelpalombaggia.fr\/wp-content\/uploads\/2023\/01\/Tamaricciu-300x200.jpg 300w, https:\/\/www.hotelpalombaggia.fr\/wp-content\/uploads\/2023\/01\/Tamaricciu-1024x683.jpg 1024w, https:\/\/www.hotelpalombaggia.fr\/wp-content\/uploads\/2023\/01\/Tamaricciu-768x512.jpg 768w, https:\/\/www.hotelpalombaggia.fr\/wp-content\/uploads\/2023\/01\/Tamaricciu-1536x1024.jpg 1536w, https:\/\/www.hotelpalombaggia.fr\/wp-content\/uploads\/2023\/01\/Tamaricciu-2048x1365.jpg 2048w, https:\/\/www.hotelpalombaggia.fr\/wp-content\/uploads\/2023\/01\/Tamaricciu-18x12.jpg 18w\" sizes=\"(max-width: 2560px) 100vw, 2560px\" title=\"Photo -\">\t\t\t\t\t\t\t\t\t\t\t\t\t\t\t<\/div>\n\t\t\t\t<\/div>\n\t\t\t\t\t<\/div>\n\t\t<\/div>\n\t\t\t\t<div class=\"elementor-column elementor-col-50 elementor-inner-column elementor-element elementor-element-9e147d3 elementor-hidden-mobile\" data-id=\"9e147d3\" data-element_type=\"column\" data-e-type=\"column\">\n\t\t\t<div class=\"elementor-widget-wrap elementor-element-populated\">\n\t\t\t\t\t\t<div class=\"elementor-element elementor-element-a0f2c9f elementor-widget elementor-widget-image\" data-id=\"a0f2c9f\" data-element_type=\"widget\" data-e-type=\"widget\" data-widget_type=\"image.default\">\n\t\t\t\t<div class=\"elementor-widget-container\">\n\t\t\t\t\t\t\t\t\t\t\t\t\t\t\t<img decoding=\"async\" width=\"2138\" height=\"1401\" src=\"https:\/\/www.hotelpalombaggia.fr\/wp-content\/uploads\/2023\/01\/Bonifacio.jpg\" class=\"attachment-full size-full wp-image-3089\" alt=\"Plan large de la ville de Bonifacio\" srcset=\"https:\/\/www.hotelpalombaggia.fr\/wp-content\/uploads\/2023\/01\/Bonifacio.jpg 2138w, https:\/\/www.hotelpalombaggia.fr\/wp-content\/uploads\/2023\/01\/Bonifacio-300x197.jpg 300w, https:\/\/www.hotelpalombaggia.fr\/wp-content\/uploads\/2023\/01\/Bonifacio-1024x671.jpg 1024w, https:\/\/www.hotelpalombaggia.fr\/wp-content\/uploads\/2023\/01\/Bonifacio-768x503.jpg 768w, https:\/\/www.hotelpalombaggia.fr\/wp-content\/uploads\/2023\/01\/Bonifacio-1536x1007.jpg 1536w, https:\/\/www.hotelpalombaggia.fr\/wp-content\/uploads\/2023\/01\/Bonifacio-2048x1342.jpg 2048w, https:\/\/www.hotelpalombaggia.fr\/wp-content\/uploads\/2023\/01\/Bonifacio-18x12.jpg 18w\" sizes=\"(max-width: 2138px) 100vw, 2138px\" title=\"Photo -\">\t\t\t\t\t\t\t\t\t\t\t\t\t\t\t<\/div>\n\t\t\t\t<\/div>\n\t\t\t\t<div class=\"elementor-element elementor-element-14a9645 elementor-widget elementor-widget-image\" data-id=\"14a9645\" data-element_type=\"widget\" data-e-type=\"widget\" data-widget_type=\"image.default\">\n\t\t\t\t<div class=\"elementor-widget-container\">\n\t\t\t\t\t\t\t\t\t\t\t\t\t\t\t<img loading=\"lazy\" decoding=\"async\" width=\"2283\" height=\"1313\" src=\"https:\/\/www.hotelpalombaggia.fr\/wp-content\/uploads\/2023\/01\/maisons-bonifacio-corse.jpg\" class=\"attachment-full size-full wp-image-2928\" alt=\"Bonifacio\" srcset=\"https:\/\/www.hotelpalombaggia.fr\/wp-content\/uploads\/2023\/01\/maisons-bonifacio-corse.jpg 2283w, https:\/\/www.hotelpalombaggia.fr\/wp-content\/uploads\/2023\/01\/maisons-bonifacio-corse-300x173.jpg 300w, https:\/\/www.hotelpalombaggia.fr\/wp-content\/uploads\/2023\/01\/maisons-bonifacio-corse-1024x589.jpg 1024w, https:\/\/www.hotelpalombaggia.fr\/wp-content\/uploads\/2023\/01\/maisons-bonifacio-corse-768x442.jpg 768w, https:\/\/www.hotelpalombaggia.fr\/wp-content\/uploads\/2023\/01\/maisons-bonifacio-corse-1536x883.jpg 1536w, https:\/\/www.hotelpalombaggia.fr\/wp-content\/uploads\/2023\/01\/maisons-bonifacio-corse-2048x1178.jpg 2048w, https:\/\/www.hotelpalombaggia.fr\/wp-content\/uploads\/2023\/01\/maisons-bonifacio-corse-18x10.jpg 18w\" sizes=\"(max-width: 2283px) 100vw, 2283px\" title=\"Photo -\">\t\t\t\t\t\t\t\t\t\t\t\t\t\t\t<\/div>\n\t\t\t\t<\/div>\n\t\t\t\t\t<\/div>\n\t\t<\/div>\n\t\t\t\t\t<\/div>\n\t\t<\/section>\n\t\t\t\t\t<\/div>\n\t\t<\/div>\n\t\t\t\t\t<\/div>\n\t\t<\/section>\n\t\t\t\t<section class=\"elementor-section elementor-top-section elementor-element elementor-element-09d2062 elementor-section-boxed elementor-section-height-default elementor-section-height-default\" data-id=\"09d2062\" data-element_type=\"section\" data-e-type=\"section\" data-settings=\"{&quot;background_background&quot;:&quot;classic&quot;}\">\n\t\t\t\t\t\t<div class=\"elementor-container elementor-column-gap-default\">\n\t\t\t\t\t<div class=\"elementor-column elementor-col-100 elementor-top-column elementor-element elementor-element-6ff4f48\" data-id=\"6ff4f48\" data-element_type=\"column\" data-e-type=\"column\">\n\t\t\t<div class=\"elementor-widget-wrap elementor-element-populated\">\n\t\t\t\t\t\t<div class=\"elementor-element elementor-element-75bba9c elementor-widget__width-auto elementor-widget elementor-widget-button\" data-id=\"75bba9c\" data-element_type=\"widget\" data-e-type=\"widget\" data-widget_type=\"button.default\">\n\t\t\t\t<div class=\"elementor-widget-container\">\n\t\t\t\t\t\t\t\t\t<div class=\"elementor-button-wrapper\">\n\t\t\t\t\t<a class=\"elementor-button elementor-button-link elementor-size-xs\" href=\"https:\/\/www.hotelpalombaggia.fr\/it\/tourisme-a-porto-vecchio\/porto-vecchio-plage\/\">\n\t\t\t\t\t\t<span class=\"elementor-button-content-wrapper\">\n\t\t\t\t\t\t<span class=\"elementor-button-icon\">\n\t\t\t\t<i aria-hidden=\"true\" class=\"eliofont eliofont-arrow-left\"><\/i>\t\t\t<\/span>\n\t\t\t\t\t\t\t\t\t<span class=\"elementor-button-text\">Porto-Vecchio<\/span>\n\t\t\t\t\t<\/span>\n\t\t\t\t\t<\/a>\n\t\t\t\t<\/div>\n\t\t\t\t\t\t\t\t<\/div>\n\t\t\t\t<\/div>\n\t\t\t\t<div class=\"elementor-element elementor-element-f14f336 elementor-widget__width-auto elementor-widget elementor-widget-button\" data-id=\"f14f336\" data-element_type=\"widget\" data-e-type=\"widget\" data-widget_type=\"button.default\">\n\t\t\t\t<div class=\"elementor-widget-container\">\n\t\t\t\t\t\t\t\t\t<div class=\"elementor-button-wrapper\">\n\t\t\t\t\t<a class=\"elementor-button elementor-button-link elementor-size-xs\" href=\"https:\/\/www.hotelpalombaggia.fr\/it\/tourisme-a-porto-vecchio\/la-corse\/\">\n\t\t\t\t\t\t<span class=\"elementor-button-content-wrapper\">\n\t\t\t\t\t\t<span class=\"elementor-button-icon\">\n\t\t\t\t<i aria-hidden=\"true\" class=\"eliofont eliofont-arrow-right\"><\/i>\t\t\t<\/span>\n\t\t\t\t\t\t\t\t\t<span class=\"elementor-button-text\">La Corse<\/span>\n\t\t\t\t\t<\/span>\n\t\t\t\t\t<\/a>\n\t\t\t\t<\/div>\n\t\t\t\t\t\t\t\t<\/div>\n\t\t\t\t<\/div>\n\t\t\t\t\t<\/div>\n\t\t<\/div>\n\t\t\t\t\t<\/div>\n\t\t<\/section>\n\t\t\t\t<\/div>\n\t\t","protected":false},"excerpt":{"rendered":"<p>Accueil Bonifacio et sa vieille ville\u200b Bonifacio fait partie des destinations les plus courues de Corse. A flanc de falaise, la ville d\u00e9montre un caract\u00e8re fort. \u00a0 Fi\u00e8re, elle est perch\u00e9e et domine la mer M\u00e9diterran\u00e9e avec une vue imprenable sur les c\u00f4tes sardes lorsque le temps le permet. Laissez-vous s\u00e9duire par cette ville charg\u00e9e [&hellip;]<\/p>\n","protected":false},"author":12,"featured_media":0,"parent":203,"menu_order":0,"comment_status":"closed","ping_status":"closed","template":"","meta":{"inline_featured_image":false,"footnotes":""},"class_list":["post-3071","page","type-page","status-publish","hentry"],"_links":{"self":[{"href":"https:\/\/www.hotelpalombaggia.fr\/it\/wp-json\/wp\/v2\/pages\/3071","targetHints":{"allow":["GET"]}}],"collection":[{"href":"https:\/\/www.hotelpalombaggia.fr\/it\/wp-json\/wp\/v2\/pages"}],"about":[{"href":"https:\/\/www.hotelpalombaggia.fr\/it\/wp-json\/wp\/v2\/types\/page"}],"author":[{"embeddable":true,"href":"https:\/\/www.hotelpalombaggia.fr\/it\/wp-json\/wp\/v2\/users\/12"}],"replies":[{"embeddable":true,"href":"https:\/\/www.hotelpalombaggia.fr\/it\/wp-json\/wp\/v2\/comments?post=3071"}],"version-history":[{"count":27,"href":"https:\/\/www.hotelpalombaggia.fr\/it\/wp-json\/wp\/v2\/pages\/3071\/revisions"}],"predecessor-version":[{"id":7132,"href":"https:\/\/www.hotelpalombaggia.fr\/it\/wp-json\/wp\/v2\/pages\/3071\/revisions\/7132"}],"up":[{"embeddable":true,"href":"https:\/\/www.hotelpalombaggia.fr\/it\/wp-json\/wp\/v2\/pages\/203"}],"wp:attachment":[{"href":"https:\/\/www.hotelpalombaggia.fr\/it\/wp-json\/wp\/v2\/media?parent=3071"}],"curies":[{"name":"wp","href":"https:\/\/api.w.org\/{rel}","templated":true}]}}