{"id":1569,"date":"2022-10-31T12:08:44","date_gmt":"2022-10-31T11:08:44","guid":{"rendered":"https:\/\/www.hotelpalombaggia.fr\/?page_id=1569"},"modified":"2026-03-28T17:53:47","modified_gmt":"2026-03-28T16:53:47","slug":"spiaggia-di-palombaggia","status":"publish","type":"page","link":"https:\/\/www.hotelpalombaggia.fr\/it\/tourisme-a-porto-vecchio\/plage-palombaggia\/","title":{"rendered":"Spiaggia di Palombaggia"},"content":{"rendered":"\t\t<div data-elementor-type=\"wp-page\" data-elementor-id=\"1569\" class=\"elementor elementor-1569\" data-elementor-post-type=\"page\">\n\t\t\t\t\t\t<section class=\"elementor-section elementor-top-section elementor-element elementor-element-beebdf7 elementor-section-full_width elementor-section-height-full elementor-section-height-default elementor-section-items-middle\" data-id=\"beebdf7\" data-element_type=\"section\" data-e-type=\"section\" id=\"hero-section\" data-settings=\"{&quot;background_background&quot;:&quot;slideshow&quot;,&quot;background_slideshow_gallery&quot;:[{&quot;id&quot;:2904,&quot;url&quot;:&quot;https:\\\/\\\/www.hotelpalombaggia.fr\\\/wp-content\\\/uploads\\\/2023\\\/01\\\/baie-palombaggia-scaled.jpg&quot;}],&quot;background_slideshow_loop&quot;:&quot;yes&quot;,&quot;background_slideshow_slide_duration&quot;:5000,&quot;background_slideshow_slide_transition&quot;:&quot;fade&quot;,&quot;background_slideshow_transition_duration&quot;:500}\">\n\t\t\t\t\t\t\t<div class=\"elementor-background-overlay\"><\/div>\n\t\t\t\t\t\t\t<div class=\"elementor-container elementor-column-gap-default\">\n\t\t\t\t\t<div class=\"elementor-column elementor-col-100 elementor-top-column elementor-element elementor-element-a730194\" data-id=\"a730194\" data-element_type=\"column\" data-e-type=\"column\">\n\t\t\t<div class=\"elementor-widget-wrap elementor-element-populated\">\n\t\t\t\t\t\t<div class=\"elementor-element elementor-element-79fb05a elementor-widget__width-auto elementor-absolute e-transform elementor-view-default elementor-widget elementor-widget-icon\" data-id=\"79fb05a\" data-element_type=\"widget\" data-e-type=\"widget\" data-settings=\"{&quot;_position&quot;:&quot;absolute&quot;,&quot;_transform_rotateZ_effect&quot;:{&quot;unit&quot;:&quot;px&quot;,&quot;size&quot;:90,&quot;sizes&quot;:[]},&quot;_transform_rotateZ_effect_tablet&quot;:{&quot;unit&quot;:&quot;deg&quot;,&quot;size&quot;:&quot;&quot;,&quot;sizes&quot;:[]},&quot;_transform_rotateZ_effect_mobile&quot;:{&quot;unit&quot;:&quot;deg&quot;,&quot;size&quot;:&quot;&quot;,&quot;sizes&quot;:[]}}\" data-widget_type=\"icon.default\">\n\t\t\t\t<div class=\"elementor-widget-container\">\n\t\t\t\t\t\t\t<div class=\"elementor-icon-wrapper\">\n\t\t\t<a class=\"elementor-icon\" href=\"#first-content\">\n\t\t\t<i aria-hidden=\"true\" class=\"eliofont eliofont-arrow-right\"><\/i>\t\t\t<\/a>\n\t\t<\/div>\n\t\t\t\t\t\t<\/div>\n\t\t\t\t<\/div>\n\t\t\t\t\t<\/div>\n\t\t<\/div>\n\t\t\t\t\t<\/div>\n\t\t<\/section>\n\t\t\t\t<section class=\"elementor-section elementor-top-section elementor-element elementor-element-d010b73 elementor-section-boxed elementor-section-height-default elementor-section-height-default\" data-id=\"d010b73\" data-element_type=\"section\" data-e-type=\"section\" id=\"first-content\" data-settings=\"{&quot;background_background&quot;:&quot;classic&quot;}\">\n\t\t\t\t\t\t<div class=\"elementor-container elementor-column-gap-default\">\n\t\t\t\t\t<div class=\"elementor-column elementor-col-100 elementor-top-column elementor-element elementor-element-767cb01\" data-id=\"767cb01\" data-element_type=\"column\" data-e-type=\"column\">\n\t\t\t<div class=\"elementor-widget-wrap elementor-element-populated\">\n\t\t\t\t\t\t<div class=\"elementor-element elementor-element-89fd045 elementor-widget elementor-widget-breadcrumbs\" data-id=\"89fd045\" data-element_type=\"widget\" data-e-type=\"widget\" data-widget_type=\"breadcrumbs.default\">\n\t\t\t\t<div class=\"elementor-widget-container\">\n\t\t\t\t\t<nav aria-label=\"breadcrumbs\" class=\"rank-math-breadcrumb\"><p><span class=\"last\">Accueil<\/span><\/p><\/nav>\t\t\t\t<\/div>\n\t\t\t\t<\/div>\n\t\t\t\t\t<\/div>\n\t\t<\/div>\n\t\t\t\t\t<\/div>\n\t\t<\/section>\n\t\t\t\t<section class=\"elementor-section elementor-top-section elementor-element elementor-element-e3ae5f8 elementor-section-height-full elementor-reverse-mobile elementor-section-boxed elementor-section-height-default elementor-section-items-middle\" data-id=\"e3ae5f8\" data-element_type=\"section\" data-e-type=\"section\" id=\"first-content\" data-settings=\"{&quot;background_background&quot;:&quot;classic&quot;}\">\n\t\t\t\t\t\t<div class=\"elementor-container elementor-column-gap-default\">\n\t\t\t\t\t<div class=\"elementor-column elementor-col-50 elementor-top-column elementor-element elementor-element-5e2adf3\" data-id=\"5e2adf3\" data-element_type=\"column\" data-e-type=\"column\" data-settings=\"{&quot;background_background&quot;:&quot;classic&quot;}\">\n\t\t\t<div class=\"elementor-widget-wrap elementor-element-populated\">\n\t\t\t\t\t\t<div class=\"elementor-element elementor-element-7aec7f8 elementor-widget elementor-widget-image\" data-id=\"7aec7f8\" data-element_type=\"widget\" data-e-type=\"widget\" data-widget_type=\"image.default\">\n\t\t\t\t<div class=\"elementor-widget-container\">\n\t\t\t\t\t\t\t\t\t\t\t\t\t\t\t<img fetchpriority=\"high\" decoding=\"async\" width=\"300\" height=\"200\" src=\"https:\/\/www.hotelpalombaggia.fr\/wp-content\/uploads\/2022\/10\/transparent.png\" class=\"attachment-full size-full wp-image-338\" alt=\"\" srcset=\"https:\/\/www.hotelpalombaggia.fr\/wp-content\/uploads\/2022\/10\/transparent.png 300w, https:\/\/www.hotelpalombaggia.fr\/wp-content\/uploads\/2022\/10\/transparent-18x12.png 18w\" sizes=\"(max-width: 300px) 100vw, 300px\" title=\"Photo -\">\t\t\t\t\t\t\t\t\t\t\t\t\t\t\t<\/div>\n\t\t\t\t<\/div>\n\t\t\t\t\t<\/div>\n\t\t<\/div>\n\t\t\t\t<div class=\"elementor-column elementor-col-50 elementor-top-column elementor-element elementor-element-c725a5c\" data-id=\"c725a5c\" data-element_type=\"column\" data-e-type=\"column\">\n\t\t\t<div class=\"elementor-widget-wrap elementor-element-populated\">\n\t\t\t\t\t\t<div class=\"elementor-element elementor-element-586f61c elementor-widget elementor-widget-heading\" data-id=\"586f61c\" data-element_type=\"widget\" data-e-type=\"widget\" data-widget_type=\"heading.default\">\n\t\t\t\t<div class=\"elementor-widget-container\">\n\t\t\t\t\t<h2 class=\"elementor-heading-title elementor-size-default\">La plage <br \/> de Palombaggia<\/h2>\t\t\t\t<\/div>\n\t\t\t\t<\/div>\n\t\t\t\t<div class=\"elementor-element elementor-element-89c93a2 elementor-widget elementor-widget-text-editor\" data-id=\"89c93a2\" data-element_type=\"widget\" data-e-type=\"widget\" data-widget_type=\"text-editor.default\">\n\t\t\t\t<div class=\"elementor-widget-container\">\n\t\t\t\t\t\t\t\t\t<p>Notre h\u00f4tel Palombaggia se trouve \u00e0 quelques pas de la plage de la Palombaggia. La c\u00e9l\u00e8bre plage que le monde entier nous envie. Ses eaux cristallines, son sable chaud et blanc, son littoral arbor\u00e9, la plage de Palombaggia est l\u2019une des plus belles plages de Corse, nul doute possible !<\/p><p><br \/>Cette plage se situe seulement \u00e0 quelques minutes \u00e0 pied de l\u2019h\u00f4tel. Vous pourrez donc retrouver les eaux turquoise de Palombaggia non loin de votre lieu de vill\u00e9giature. La plage de Palombaggia offre de nombreuses activit\u00e9s possibles selon vos envies du moment. Location de transat et de parasol ou sports nautiques comme de la plong\u00e9e ou de la voile, Palombaggia vous offre \u00e0 la fois le farniente et un tourisme plus sportif.<\/p><p><br \/>Si cette plage est bien s\u00fbr remarquable, ce n\u2019est pas la seule qui vous \u00e9blouira de ses charmes. Non loin de l\u00e0 se trouve \u00e9galement le golfe de Santa Giulia et sa grande plage de sable blanc. De nombreuses autres plages, plus intimistes, ornent la beaut\u00e9 des c\u00f4tes corses, Tamaricciu, Carataggio, Acciaghju, autant de noms exotiques qui \u00e9voquent la d\u00e9tente, le bien-\u00eatre et les vacances.<\/p>\t\t\t\t\t\t\t\t<\/div>\n\t\t\t\t<\/div>\n\t\t\t\t\t<\/div>\n\t\t<\/div>\n\t\t\t\t\t<\/div>\n\t\t<\/section>\n\t\t\t\t<section class=\"elementor-section elementor-top-section elementor-element elementor-element-b214629 elementor-section-height-full elementor-section-boxed elementor-section-height-default elementor-section-items-middle\" data-id=\"b214629\" data-element_type=\"section\" data-e-type=\"section\" data-settings=\"{&quot;background_background&quot;:&quot;classic&quot;}\">\n\t\t\t\t\t\t<div class=\"elementor-container elementor-column-gap-default\">\n\t\t\t\t\t<div class=\"elementor-column elementor-col-50 elementor-top-column elementor-element elementor-element-a72de0f\" data-id=\"a72de0f\" data-element_type=\"column\" data-e-type=\"column\">\n\t\t\t<div class=\"elementor-widget-wrap elementor-element-populated\">\n\t\t\t\t\t\t<div class=\"elementor-element elementor-element-8029bb2 elementor-widget__width-initial elementor-widget elementor-widget-heading\" data-id=\"8029bb2\" data-element_type=\"widget\" data-e-type=\"widget\" data-widget_type=\"heading.default\">\n\t\t\t\t<div class=\"elementor-widget-container\">\n\t\t\t\t\t<h2 class=\"elementor-heading-title elementor-size-default\">D\u00e9couvrez les \u00eeles<\/h2>\t\t\t\t<\/div>\n\t\t\t\t<\/div>\n\t\t\t\t<div class=\"elementor-element elementor-element-08875f5 elementor-widget elementor-widget-heading\" data-id=\"08875f5\" data-element_type=\"widget\" data-e-type=\"widget\" data-widget_type=\"heading.default\">\n\t\t\t\t<div class=\"elementor-widget-container\">\n\t\t\t\t\t<h2 class=\"elementor-heading-title elementor-size-default\">Cerbicales<\/h2>\t\t\t\t<\/div>\n\t\t\t\t<\/div>\n\t\t\t\t<div class=\"elementor-element elementor-element-e9152f9 elementor-widget elementor-widget-text-editor\" data-id=\"e9152f9\" data-element_type=\"widget\" data-e-type=\"widget\" data-widget_type=\"text-editor.default\">\n\t\t\t\t<div class=\"elementor-widget-container\">\n\t\t\t\t\t\t\t\t\t<p>En face de la plage de Palombaggia se trouve \u00e9galement une constellation d\u2019\u00eeles toutes plus belles les unes que les autres, la R\u00e9serve naturelle des \u00eeles Cerbicales.<\/p><p>\u00a0<\/p><p>Pos\u00e9 \u00e0 moins de 5 km de la plage de Palombaggia, cet archipel est pos\u00e9 au c\u0153ur de la mer Tyrrh\u00e9nienne. 4 \u00eeles et 2 \u00eelots rocheux le composent et repr\u00e9sentent un sanctuaire pour de nombreuses esp\u00e8ces animales. L\u2019\u00cele de Piana, la plus grande, se d\u00e9marque notamment par ses grandes falaises de granit rose. Si l\u2019archipel est inhabit\u00e9, des visites sont possibles et organis\u00e9es r\u00e9guli\u00e8rement afin de d\u00e9couvrir la beaut\u00e9 de cet endroit.<\/p>\t\t\t\t\t\t\t\t<\/div>\n\t\t\t\t<\/div>\n\t\t\t\t\t<\/div>\n\t\t<\/div>\n\t\t\t\t<div class=\"elementor-column elementor-col-50 elementor-top-column elementor-element elementor-element-d656157\" data-id=\"d656157\" data-element_type=\"column\" data-e-type=\"column\" data-settings=\"{&quot;background_background&quot;:&quot;classic&quot;}\">\n\t\t\t<div class=\"elementor-widget-wrap elementor-element-populated\">\n\t\t\t\t\t\t<section class=\"elementor-section elementor-inner-section elementor-element elementor-element-4f5ee8e elementor-section-boxed elementor-section-height-default elementor-section-height-default\" data-id=\"4f5ee8e\" data-element_type=\"section\" data-e-type=\"section\">\n\t\t\t\t\t\t<div class=\"elementor-container elementor-column-gap-default\">\n\t\t\t\t\t<div class=\"elementor-column elementor-col-50 elementor-inner-column elementor-element elementor-element-c286d6b\" data-id=\"c286d6b\" data-element_type=\"column\" data-e-type=\"column\">\n\t\t\t<div class=\"elementor-widget-wrap elementor-element-populated\">\n\t\t\t\t\t\t<div class=\"elementor-element elementor-element-c07b6a9 elementor-widget elementor-widget-image\" data-id=\"c07b6a9\" data-element_type=\"widget\" data-e-type=\"widget\" data-widget_type=\"image.default\">\n\t\t\t\t<div class=\"elementor-widget-container\">\n\t\t\t\t\t\t\t\t\t\t\t\t\t\t\t<img decoding=\"async\" width=\"836\" height=\"1254\" src=\"https:\/\/www.hotelpalombaggia.fr\/wp-content\/uploads\/2023\/01\/plage-palombaggia-1.jpg\" class=\"attachment-full size-full wp-image-2913\" alt=\"Plage de Palombaggia\" srcset=\"https:\/\/www.hotelpalombaggia.fr\/wp-content\/uploads\/2023\/01\/plage-palombaggia-1.jpg 836w, https:\/\/www.hotelpalombaggia.fr\/wp-content\/uploads\/2023\/01\/plage-palombaggia-1-200x300.jpg 200w, https:\/\/www.hotelpalombaggia.fr\/wp-content\/uploads\/2023\/01\/plage-palombaggia-1-683x1024.jpg 683w, https:\/\/www.hotelpalombaggia.fr\/wp-content\/uploads\/2023\/01\/plage-palombaggia-1-768x1152.jpg 768w, https:\/\/www.hotelpalombaggia.fr\/wp-content\/uploads\/2023\/01\/plage-palombaggia-1-8x12.jpg 8w\" sizes=\"(max-width: 836px) 100vw, 836px\" title=\"Photo -\">\t\t\t\t\t\t\t\t\t\t\t\t\t\t\t<\/div>\n\t\t\t\t<\/div>\n\t\t\t\t\t<\/div>\n\t\t<\/div>\n\t\t\t\t<div class=\"elementor-column elementor-col-50 elementor-inner-column elementor-element elementor-element-9e147d3 elementor-hidden-mobile\" data-id=\"9e147d3\" data-element_type=\"column\" data-e-type=\"column\">\n\t\t\t<div class=\"elementor-widget-wrap elementor-element-populated\">\n\t\t\t\t\t\t<div class=\"elementor-element elementor-element-a0f2c9f elementor-widget elementor-widget-image\" data-id=\"a0f2c9f\" data-element_type=\"widget\" data-e-type=\"widget\" data-widget_type=\"image.default\">\n\t\t\t\t<div class=\"elementor-widget-container\">\n\t\t\t\t\t\t\t\t\t\t\t\t\t\t\t<img decoding=\"async\" width=\"2560\" height=\"1918\" src=\"https:\/\/www.hotelpalombaggia.fr\/wp-content\/uploads\/2023\/01\/palombaggia-scaled.jpg\" class=\"attachment-full size-full wp-image-2912\" alt=\"plage de Palombaggia\" srcset=\"https:\/\/www.hotelpalombaggia.fr\/wp-content\/uploads\/2023\/01\/palombaggia-scaled.jpg 2560w, https:\/\/www.hotelpalombaggia.fr\/wp-content\/uploads\/2023\/01\/palombaggia-300x225.jpg 300w, https:\/\/www.hotelpalombaggia.fr\/wp-content\/uploads\/2023\/01\/palombaggia-1024x767.jpg 1024w, https:\/\/www.hotelpalombaggia.fr\/wp-content\/uploads\/2023\/01\/palombaggia-768x576.jpg 768w, https:\/\/www.hotelpalombaggia.fr\/wp-content\/uploads\/2023\/01\/palombaggia-1536x1151.jpg 1536w, https:\/\/www.hotelpalombaggia.fr\/wp-content\/uploads\/2023\/01\/palombaggia-2048x1535.jpg 2048w, https:\/\/www.hotelpalombaggia.fr\/wp-content\/uploads\/2023\/01\/palombaggia-16x12.jpg 16w\" sizes=\"(max-width: 2560px) 100vw, 2560px\" title=\"Photo -\">\t\t\t\t\t\t\t\t\t\t\t\t\t\t\t<\/div>\n\t\t\t\t<\/div>\n\t\t\t\t<div class=\"elementor-element elementor-element-14a9645 elementor-widget elementor-widget-image\" data-id=\"14a9645\" data-element_type=\"widget\" data-e-type=\"widget\" data-widget_type=\"image.default\">\n\t\t\t\t<div class=\"elementor-widget-container\">\n\t\t\t\t\t\t\t\t\t\t\t\t\t\t\t<img loading=\"lazy\" decoding=\"async\" width=\"992\" height=\"744\" src=\"https:\/\/www.hotelpalombaggia.fr\/wp-content\/uploads\/2023\/01\/foret-pins-parasols.jpg\" class=\"attachment-full size-full wp-image-2899\" alt=\"L&#039;h\u00f4tel au milieu de la for\u00eat de pins parasols\" srcset=\"https:\/\/www.hotelpalombaggia.fr\/wp-content\/uploads\/2023\/01\/foret-pins-parasols.jpg 992w, https:\/\/www.hotelpalombaggia.fr\/wp-content\/uploads\/2023\/01\/foret-pins-parasols-300x225.jpg 300w, https:\/\/www.hotelpalombaggia.fr\/wp-content\/uploads\/2023\/01\/foret-pins-parasols-768x576.jpg 768w, https:\/\/www.hotelpalombaggia.fr\/wp-content\/uploads\/2023\/01\/foret-pins-parasols-16x12.jpg 16w\" sizes=\"(max-width: 992px) 100vw, 992px\" title=\"Photo -\">\t\t\t\t\t\t\t\t\t\t\t\t\t\t\t<\/div>\n\t\t\t\t<\/div>\n\t\t\t\t\t<\/div>\n\t\t<\/div>\n\t\t\t\t\t<\/div>\n\t\t<\/section>\n\t\t\t\t\t<\/div>\n\t\t<\/div>\n\t\t\t\t\t<\/div>\n\t\t<\/section>\n\t\t\t\t<section class=\"elementor-section elementor-top-section elementor-element elementor-element-09d2062 elementor-section-boxed elementor-section-height-default elementor-section-height-default\" data-id=\"09d2062\" data-element_type=\"section\" data-e-type=\"section\" data-settings=\"{&quot;background_background&quot;:&quot;classic&quot;}\">\n\t\t\t\t\t\t<div class=\"elementor-container elementor-column-gap-default\">\n\t\t\t\t\t<div class=\"elementor-column elementor-col-100 elementor-top-column elementor-element elementor-element-6ff4f48\" data-id=\"6ff4f48\" data-element_type=\"column\" data-e-type=\"column\">\n\t\t\t<div class=\"elementor-widget-wrap elementor-element-populated\">\n\t\t\t\t\t\t<div class=\"elementor-element elementor-element-75bba9c elementor-widget__width-auto elementor-widget elementor-widget-button\" data-id=\"75bba9c\" data-element_type=\"widget\" data-e-type=\"widget\" data-widget_type=\"button.default\">\n\t\t\t\t<div class=\"elementor-widget-container\">\n\t\t\t\t\t\t\t\t\t<div class=\"elementor-button-wrapper\">\n\t\t\t\t\t<a class=\"elementor-button elementor-button-link elementor-size-xs\" href=\"https:\/\/www.hotelpalombaggia.fr\/it\/tourisme-a-porto-vecchio\/bonifacio-tourisme\/\">\n\t\t\t\t\t\t<span class=\"elementor-button-content-wrapper\">\n\t\t\t\t\t\t<span class=\"elementor-button-icon\">\n\t\t\t\t<i aria-hidden=\"true\" class=\"eliofont eliofont-arrow-left\"><\/i>\t\t\t<\/span>\n\t\t\t\t\t\t\t\t\t<span class=\"elementor-button-text\">Bonifacio<\/span>\n\t\t\t\t\t<\/span>\n\t\t\t\t\t<\/a>\n\t\t\t\t<\/div>\n\t\t\t\t\t\t\t\t<\/div>\n\t\t\t\t<\/div>\n\t\t\t\t<div class=\"elementor-element elementor-element-f14f336 elementor-widget__width-auto elementor-widget elementor-widget-button\" data-id=\"f14f336\" data-element_type=\"widget\" data-e-type=\"widget\" data-widget_type=\"button.default\">\n\t\t\t\t<div class=\"elementor-widget-container\">\n\t\t\t\t\t\t\t\t\t<div class=\"elementor-button-wrapper\">\n\t\t\t\t\t<a class=\"elementor-button elementor-button-link elementor-size-xs\" href=\"https:\/\/www.hotelpalombaggia.fr\/it\/tourisme-a-porto-vecchio\/porto-vecchio-plage\/\">\n\t\t\t\t\t\t<span class=\"elementor-button-content-wrapper\">\n\t\t\t\t\t\t<span class=\"elementor-button-icon\">\n\t\t\t\t<i aria-hidden=\"true\" class=\"eliofont eliofont-arrow-right\"><\/i>\t\t\t<\/span>\n\t\t\t\t\t\t\t\t\t<span class=\"elementor-button-text\">Porto-Vecchio<\/span>\n\t\t\t\t\t<\/span>\n\t\t\t\t\t<\/a>\n\t\t\t\t<\/div>\n\t\t\t\t\t\t\t\t<\/div>\n\t\t\t\t<\/div>\n\t\t\t\t\t<\/div>\n\t\t<\/div>\n\t\t\t\t\t<\/div>\n\t\t<\/section>\n\t\t\t\t<\/div>\n\t\t","protected":false},"excerpt":{"rendered":"<p>Accueil La plage de Palombaggia Notre h\u00f4tel Palombaggia se trouve \u00e0 quelques pas de la plage de la Palombaggia. La c\u00e9l\u00e8bre plage que le monde entier nous envie. Ses eaux cristallines, son sable chaud et blanc, son littoral arbor\u00e9, la plage de Palombaggia est l\u2019une des plus belles plages de Corse, nul doute possible ! [&hellip;]<\/p>\n","protected":false},"author":11,"featured_media":0,"parent":203,"menu_order":0,"comment_status":"closed","ping_status":"closed","template":"","meta":{"inline_featured_image":false,"footnotes":""},"class_list":["post-1569","page","type-page","status-publish","hentry"],"_links":{"self":[{"href":"https:\/\/www.hotelpalombaggia.fr\/it\/wp-json\/wp\/v2\/pages\/1569","targetHints":{"allow":["GET"]}}],"collection":[{"href":"https:\/\/www.hotelpalombaggia.fr\/it\/wp-json\/wp\/v2\/pages"}],"about":[{"href":"https:\/\/www.hotelpalombaggia.fr\/it\/wp-json\/wp\/v2\/types\/page"}],"author":[{"embeddable":true,"href":"https:\/\/www.hotelpalombaggia.fr\/it\/wp-json\/wp\/v2\/users\/11"}],"replies":[{"embeddable":true,"href":"https:\/\/www.hotelpalombaggia.fr\/it\/wp-json\/wp\/v2\/comments?post=1569"}],"version-history":[{"count":80,"href":"https:\/\/www.hotelpalombaggia.fr\/it\/wp-json\/wp\/v2\/pages\/1569\/revisions"}],"predecessor-version":[{"id":7130,"href":"https:\/\/www.hotelpalombaggia.fr\/it\/wp-json\/wp\/v2\/pages\/1569\/revisions\/7130"}],"up":[{"embeddable":true,"href":"https:\/\/www.hotelpalombaggia.fr\/it\/wp-json\/wp\/v2\/pages\/203"}],"wp:attachment":[{"href":"https:\/\/www.hotelpalombaggia.fr\/it\/wp-json\/wp\/v2\/media?parent=1569"}],"curies":[{"name":"wp","href":"https:\/\/api.w.org\/{rel}","templated":true}]}}