{"id":4954,"date":"2024-05-14T11:31:57","date_gmt":"2024-05-14T09:31:57","guid":{"rendered":"https:\/\/www.hotelpalombaggia.fr\/?page_id=4954"},"modified":"2026-03-28T17:54:25","modified_gmt":"2026-03-28T16:54:25","slug":"video-gallery-hotel-palombaggia","status":"publish","type":"page","link":"https:\/\/www.hotelpalombaggia.fr\/en\/galerie-video-hotel-palombaggia\/","title":{"rendered":"Hotel Palombaggia video gallery"},"content":{"rendered":"\t\t<div data-elementor-type=\"wp-page\" data-elementor-id=\"4954\" class=\"elementor elementor-4954\" data-elementor-post-type=\"page\">\n\t\t\t\t\t\t<section class=\"elementor-section elementor-top-section elementor-element elementor-element-d0dc4a7 elementor-section-full_width elementor-section-height-full elementor-section-height-default elementor-section-items-middle\" data-id=\"d0dc4a7\" data-element_type=\"section\" data-e-type=\"section\" data-settings=\"{&quot;background_background&quot;:&quot;slideshow&quot;,&quot;background_slideshow_gallery&quot;:[{&quot;id&quot;:2922,&quot;url&quot;:&quot;https:\\\/\\\/www.hotelpalombaggia.fr\\\/wp-content\\\/uploads\\\/2023\\\/01\\\/plage-porto-vecchio.jpg&quot;},{&quot;id&quot;:2840,&quot;url&quot;:&quot;https:\\\/\\\/www.hotelpalombaggia.fr\\\/wp-content\\\/uploads\\\/2023\\\/01\\\/hotel-palombaggia.jpg&quot;},{&quot;id&quot;:6236,&quot;url&quot;:&quot;https:\\\/\\\/www.hotelpalombaggia.fr\\\/wp-content\\\/uploads\\\/2025\\\/12\\\/IMG_6920-scaled.jpg&quot;},{&quot;id&quot;:6238,&quot;url&quot;:&quot;https:\\\/\\\/www.hotelpalombaggia.fr\\\/wp-content\\\/uploads\\\/2025\\\/12\\\/DSC07597-scaled.jpg&quot;},{&quot;id&quot;:5448,&quot;url&quot;:&quot;https:\\\/\\\/www.hotelpalombaggia.fr\\\/wp-content\\\/uploads\\\/2024\\\/05\\\/IMG_6044-2-scaled.jpeg&quot;},{&quot;id&quot;:5431,&quot;url&quot;:&quot;https:\\\/\\\/www.hotelpalombaggia.fr\\\/wp-content\\\/uploads\\\/2024\\\/05\\\/IMG_6074-1-scaled.jpeg&quot;}],&quot;background_slideshow_loop&quot;:&quot;yes&quot;,&quot;background_slideshow_slide_duration&quot;:5000,&quot;background_slideshow_slide_transition&quot;:&quot;fade&quot;,&quot;background_slideshow_transition_duration&quot;:500}\">\n\t\t\t\t\t\t\t<div class=\"elementor-background-overlay\"><\/div>\n\t\t\t\t\t\t\t<div class=\"elementor-container elementor-column-gap-default\">\n\t\t\t\t\t<div class=\"elementor-column elementor-col-100 elementor-top-column elementor-element elementor-element-92908d0\" data-id=\"92908d0\" data-element_type=\"column\" data-e-type=\"column\">\n\t\t\t<div class=\"elementor-widget-wrap elementor-element-populated\">\n\t\t\t\t\t\t<div class=\"elementor-element elementor-element-b12ad6c elementor-widget__width-auto elementor-absolute e-transform elementor-view-default elementor-widget elementor-widget-icon\" data-id=\"b12ad6c\" data-element_type=\"widget\" data-e-type=\"widget\" data-settings=\"{&quot;_position&quot;:&quot;absolute&quot;,&quot;_transform_rotateZ_effect&quot;:{&quot;unit&quot;:&quot;px&quot;,&quot;size&quot;:90,&quot;sizes&quot;:[]},&quot;_transform_rotateZ_effect_tablet&quot;:{&quot;unit&quot;:&quot;deg&quot;,&quot;size&quot;:&quot;&quot;,&quot;sizes&quot;:[]},&quot;_transform_rotateZ_effect_mobile&quot;:{&quot;unit&quot;:&quot;deg&quot;,&quot;size&quot;:&quot;&quot;,&quot;sizes&quot;:[]}}\" data-widget_type=\"icon.default\">\n\t\t\t\t<div class=\"elementor-widget-container\">\n\t\t\t\t\t\t\t<div class=\"elementor-icon-wrapper\">\n\t\t\t<a class=\"elementor-icon\" href=\"#first-content\">\n\t\t\t<i aria-hidden=\"true\" class=\"eliofont eliofont-arrow-right\"><\/i>\t\t\t<\/a>\n\t\t<\/div>\n\t\t\t\t\t\t<\/div>\n\t\t\t\t<\/div>\n\t\t\t\t\t<\/div>\n\t\t<\/div>\n\t\t\t\t\t<\/div>\n\t\t<\/section>\n\t\t<div class=\"elementor-element elementor-element-61a16f1 e-flex e-con-boxed e-con e-parent\" data-id=\"61a16f1\" data-element_type=\"container\" data-e-type=\"container\">\n\t\t\t\t\t<div class=\"e-con-inner\">\n\t\t\t\t<div class=\"elementor-element elementor-element-1a64c36 elementor-widget elementor-widget-text-editor\" data-id=\"1a64c36\" data-element_type=\"widget\" data-e-type=\"widget\" data-widget_type=\"text-editor.default\">\n\t\t\t\t<div class=\"elementor-widget-container\">\n\t\t\t\t\t\t\t\t\t<section class=\"hp-page-intro\">\n<div class=\"hp-page-intro__wrap\">\n<p class=\"hp-page-intro__lead\"><strong>Galerie vid\u00e9o h\u00f4tel Palombaggia<\/strong> : bienvenue dans notre espace immersif pour d\u00e9couvrir l\u2019H\u00f4tel Palombaggia \u00e0 Porto-Vecchio, au c\u0153ur de la Corse du Sud.<\/p>\nCette <strong>galerie vid\u00e9o h\u00f4tel Palombaggia<\/strong> vous permet d\u2019explorer en images les diff\u00e9rents espaces de l\u2019\u00e9tablissement :\n<strong>chambres \u00e9l\u00e9gantes<\/strong>, terrasses priv\u00e9es, <strong>piscine bord\u00e9e de pins parasols<\/strong> et coins d\u00e9tente baign\u00e9s de lumi\u00e8re.\nL\u2019objectif est simple : vous aider \u00e0 vous projeter, ressentir l\u2019ambiance, et choisir la formule qui vous ressemble.\n\n\n<h2>Une visite utile pour pr\u00e9parer votre s\u00e9jour<\/h2>\nCette page est mise \u00e0 jour r\u00e9guli\u00e8rement pour refl\u00e9ter l\u2019h\u00f4tel tel qu\u2019il se vit : nouveaut\u00e9s, espaces, et moments forts de la saison.\nSi vous avez une question pr\u00e9cise (acc\u00e8s, horaires, \u00e9quipements, meilleure p\u00e9riode), notre\n<a href=\"https:\/\/www.hotelpalombaggia.fr\/faq-hotel-palombaggia\/\">FAQ<\/a>\nest l\u00e0 pour vous guider.\n<h3>Infos pratiques &amp; inspirations<\/h3>\n<ul>\n \t<li><a href=\"https:\/\/www.hotelpalombaggia.fr\/acces-contact-hotel-palombaggia\/\">Acc\u00e8s &amp; contact<\/a> (itin\u00e9raire, arriv\u00e9e, infos utiles)<\/li>\n \t<li><a href=\"https:\/\/www.hotelpalombaggia.fr\/galerie-photos-hotel-palombaggia\/\">Galerie photo<\/a> (compl\u00e9ment des vid\u00e9os)<\/li>\n \t<li><a href=\"https:\/\/www.hotelpalombaggia.fr\/\">Site de l\u2019H\u00f4tel Palombaggia<\/a><\/li>\n<\/ul>\nPour aller plus loin c\u00f4t\u00e9 destination, vous pouvez consulter le site de l\u2019office de tourisme :<a href=\"https:\/\/www.portovecchio-tourisme.corsica\/\" target=\"_blank\" rel=\"nofollow noopener\"> Porto-Vecchio Tourisme\n<\/a>.\n<div class=\"hp-cta\"><a class=\"hp-btn\" href=\"https:\/\/hotelpalombaggia.thais-hotel.com\/direct-booking\/calendar\" rel=\"nofollow noopener\" target=\"_blank\">\nR\u00e9server votre s\u00e9jour\n<\/a>\n<a class=\"hp-btn hp-btn--ghost\" href=\"https:\/\/www.hotelpalombaggia.fr\/chambres-hotel-palombaggia-porto-vecchio\/\">\nVoir les chambres\n<\/a>\n<a class=\"hp-btn hp-btn--ghost\" href=\"https:\/\/www.hotelpalombaggia.fr\/acces-contact-hotel-palombaggia\/\">\nAcc\u00e8s &amp; contact\n<\/a><\/div>\n<\/div>\n<\/section>\t\t\t\t\t\t\t\t<\/div>\n\t\t\t\t<\/div>\n\t\t\t\t\t<\/div>\n\t\t\t\t<\/div>\n\t\t<div class=\"elementor-element elementor-element-54cd2fd e-flex e-con-boxed e-con e-parent\" data-id=\"54cd2fd\" data-element_type=\"container\" data-e-type=\"container\" id=\"first-content\">\n\t\t\t\t\t<div class=\"e-con-inner\">\n\t\t\t\t<div class=\"elementor-element elementor-element-9feb590 elementor-widget elementor-widget-video\" data-id=\"9feb590\" data-element_type=\"widget\" data-e-type=\"widget\" data-settings=\"{&quot;youtube_url&quot;:&quot;https:\\\/\\\/youtu.be\\\/qkFNU3f3dnc?si=1pB0ii2dknoIq4ry&quot;,&quot;video_type&quot;:&quot;youtube&quot;,&quot;controls&quot;:&quot;yes&quot;}\" data-widget_type=\"video.default\">\n\t\t\t\t<div class=\"elementor-widget-container\">\n\t\t\t\t\t\t\t<div class=\"elementor-wrapper elementor-open-inline\">\n\t\t\t<div class=\"elementor-video\"><\/div>\t\t<\/div>\n\t\t\t\t\t\t<\/div>\n\t\t\t\t<\/div>\n\t\t\t\t\t<\/div>\n\t\t\t\t<\/div>\n\t\t<div class=\"elementor-element elementor-element-379832b e-flex e-con-boxed e-con e-parent\" data-id=\"379832b\" data-element_type=\"container\" data-e-type=\"container\">\n\t\t\t\t\t<div class=\"e-con-inner\">\n\t\t\t\t<div class=\"elementor-element elementor-element-143067a elementor-widget__width-initial elementor-widget elementor-widget-video\" data-id=\"143067a\" data-element_type=\"widget\" data-e-type=\"widget\" data-settings=\"{&quot;youtube_url&quot;:&quot;https:\\\/\\\/youtube.com\\\/shorts\\\/27OZQ7w36To?si=ofhSp-gyh8eyvsUW&quot;,&quot;video_type&quot;:&quot;youtube&quot;,&quot;controls&quot;:&quot;yes&quot;}\" data-widget_type=\"video.default\">\n\t\t\t\t<div class=\"elementor-widget-container\">\n\t\t\t\t\t\t\t<div class=\"elementor-wrapper elementor-open-inline\">\n\t\t\t<div class=\"elementor-video\"><\/div>\t\t<\/div>\n\t\t\t\t\t\t<\/div>\n\t\t\t\t<\/div>\n\t\t\t\t<div class=\"elementor-element elementor-element-1862e92 elementor-widget__width-initial elementor-widget elementor-widget-video\" data-id=\"1862e92\" data-element_type=\"widget\" data-e-type=\"widget\" data-settings=\"{&quot;youtube_url&quot;:&quot;https:\\\/\\\/youtube.com\\\/shorts\\\/qiPv8WoH4ME?si=fpIBk18dehXvDFsr&quot;,&quot;video_type&quot;:&quot;youtube&quot;,&quot;controls&quot;:&quot;yes&quot;}\" data-widget_type=\"video.default\">\n\t\t\t\t<div class=\"elementor-widget-container\">\n\t\t\t\t\t\t\t<div class=\"elementor-wrapper elementor-open-inline\">\n\t\t\t<div class=\"elementor-video\"><\/div>\t\t<\/div>\n\t\t\t\t\t\t<\/div>\n\t\t\t\t<\/div>\n\t\t\t\t\t<\/div>\n\t\t\t\t<\/div>\n\t\t\t\t<\/div>\n\t\t","protected":false},"excerpt":{"rendered":"<p>Galerie vid\u00e9o h\u00f4tel Palombaggia : bienvenue dans notre espace immersif pour d\u00e9couvrir l\u2019H\u00f4tel Palombaggia \u00e0 Porto-Vecchio, au c\u0153ur de la Corse du Sud. Cette galerie vid\u00e9o h\u00f4tel Palombaggia vous permet d\u2019explorer en images les diff\u00e9rents espaces de l\u2019\u00e9tablissement : chambres \u00e9l\u00e9gantes, terrasses priv\u00e9es, piscine bord\u00e9e de pins parasols et coins d\u00e9tente baign\u00e9s de lumi\u00e8re. L\u2019objectif [&hellip;]<\/p>\n","protected":false},"author":15,"featured_media":0,"parent":0,"menu_order":0,"comment_status":"closed","ping_status":"closed","template":"","meta":{"inline_featured_image":false,"footnotes":""},"class_list":["post-4954","page","type-page","status-publish","hentry"],"_links":{"self":[{"href":"https:\/\/www.hotelpalombaggia.fr\/en\/wp-json\/wp\/v2\/pages\/4954","targetHints":{"allow":["GET"]}}],"collection":[{"href":"https:\/\/www.hotelpalombaggia.fr\/en\/wp-json\/wp\/v2\/pages"}],"about":[{"href":"https:\/\/www.hotelpalombaggia.fr\/en\/wp-json\/wp\/v2\/types\/page"}],"author":[{"embeddable":true,"href":"https:\/\/www.hotelpalombaggia.fr\/en\/wp-json\/wp\/v2\/users\/15"}],"replies":[{"embeddable":true,"href":"https:\/\/www.hotelpalombaggia.fr\/en\/wp-json\/wp\/v2\/comments?post=4954"}],"version-history":[{"count":60,"href":"https:\/\/www.hotelpalombaggia.fr\/en\/wp-json\/wp\/v2\/pages\/4954\/revisions"}],"predecessor-version":[{"id":7134,"href":"https:\/\/www.hotelpalombaggia.fr\/en\/wp-json\/wp\/v2\/pages\/4954\/revisions\/7134"}],"wp:attachment":[{"href":"https:\/\/www.hotelpalombaggia.fr\/en\/wp-json\/wp\/v2\/media?parent=4954"}],"curies":[{"name":"wp","href":"https:\/\/api.w.org\/{rel}","templated":true}]}}